{"id":43075,"date":"2025-09-10T09:41:36","date_gmt":"2025-09-10T13:41:36","guid":{"rendered":"https:\/\/payfacto.com\/pci-dss-compliance\/"},"modified":"2025-09-10T12:23:24","modified_gmt":"2025-09-10T16:23:24","slug":"conformite-pci-dss","status":"publish","type":"page","link":"https:\/\/payfacto.com\/fr\/conformite-pci-dss\/","title":{"rendered":"Conformit\u00e9 PCI : Foire aux questions"},"content":{"rendered":"\t\t<div data-elementor-type=\"wp-page\" data-elementor-id=\"43075\" class=\"elementor elementor-43075 elementor-43059\" data-elementor-post-type=\"page\">\n\t\t\t\t\t\t<section data-particle_enable=\"false\" data-particle-mobile-disabled=\"false\" class=\"elementor-section elementor-top-section elementor-element elementor-element-be632b6 elementor-hidden-tablet elementor-hidden-mobile elementor-section-boxed elementor-section-height-default elementor-section-height-default\" data-id=\"be632b6\" data-element_type=\"section\" data-e-type=\"section\" data-settings=\"{&quot;background_background&quot;:&quot;classic&quot;,&quot;ekit_has_onepagescroll_dot&quot;:&quot;yes&quot;}\">\n\t\t\t\t\t\t\t<div class=\"elementor-background-overlay\"><\/div>\n\t\t\t\t\t\t\t<div class=\"elementor-container elementor-column-gap-default\">\n\t\t\t\t\t<div class=\"elementor-column elementor-col-100 elementor-top-column elementor-element elementor-element-67252d1\" data-id=\"67252d1\" data-element_type=\"column\" data-e-type=\"column\">\n\t\t\t<div class=\"elementor-widget-wrap elementor-element-populated\">\n\t\t\t\t\t\t<div class=\"elementor-element elementor-element-12a1639 elementor-widget elementor-widget-heading\" data-id=\"12a1639\" data-element_type=\"widget\" data-e-type=\"widget\" data-settings=\"{&quot;ekit_we_effect_on&quot;:&quot;none&quot;}\" data-widget_type=\"heading.default\">\n\t\t\t\t\t\t<div class=\"elementor-widget-container\">\n\t\t\t\t\t<h1 class=\"elementor-heading-title elementor-size-default\">Conformit\u00e9 PCI : Foire aux questions<\/h1>\t\t\t\t<\/div>\n\t\t\t\t<\/div>\n\t\t\t\t<div class=\"elementor-element elementor-element-f6fd3d0 elementor-widget-divider--view-line elementor-widget elementor-widget-divider\" data-id=\"f6fd3d0\" data-element_type=\"widget\" data-e-type=\"widget\" data-settings=\"{&quot;ekit_we_effect_on&quot;:&quot;none&quot;}\" data-widget_type=\"divider.default\">\n\t\t\t\t\t\t<div class=\"elementor-widget-container\">\n\t\t\t\t\t\t\t<div class=\"elementor-divider\">\n\t\t\t<span class=\"elementor-divider-separator\">\n\t\t\t\t\t\t<\/span>\n\t\t<\/div>\n\t\t\t\t\t\t<\/div>\n\t\t\t\t<\/div>\n\t\t\t\t\t<\/div>\n\t\t<\/div>\n\t\t\t\t\t<\/div>\n\t\t<\/section>\n\t\t\t\t<section data-particle_enable=\"false\" data-particle-mobile-disabled=\"false\" class=\"elementor-section elementor-top-section elementor-element elementor-element-80b28cc elementor-section-boxed elementor-section-height-default elementor-section-height-default\" data-id=\"80b28cc\" data-element_type=\"section\" data-e-type=\"section\" data-settings=\"{&quot;ekit_has_onepagescroll_dot&quot;:&quot;yes&quot;}\">\n\t\t\t\t\t\t<div class=\"elementor-container elementor-column-gap-default\">\n\t\t\t\t\t<div class=\"elementor-column elementor-col-100 elementor-top-column elementor-element elementor-element-94160a7\" data-id=\"94160a7\" data-element_type=\"column\" data-e-type=\"column\">\n\t\t\t<div class=\"elementor-widget-wrap elementor-element-populated\">\n\t\t\t\t\t\t<div class=\"elementor-element elementor-element-fd00eec elementor-widget elementor-widget-text-editor\" data-id=\"fd00eec\" data-element_type=\"widget\" data-e-type=\"widget\" data-settings=\"{&quot;ekit_we_effect_on&quot;:&quot;none&quot;}\" data-widget_type=\"text-editor.default\">\n\t\t\t\t\t\t<div class=\"elementor-widget-container\">\n\t\t\t\t\t\t\t\t\t<h2>Qu\u2019est-ce que la conformit\u00e9 PCI ?<\/h2><p>La Norme de s\u00e9curit\u00e9 des donn\u00e9es de l\u2019industrie des cartes de paiement (PCI SSC) a \u00e9t\u00e9 \u00e9tablie en 2006 par les principales marques de cartes (p. ex. Visa, Mastercard, American Express, Discover Financial Services, JCB International).<\/p><p>Toutes les entreprises qui acceptent, traitent, stockent ou transmettent des donn\u00e9es de titulaires de carte doivent appliquer cette norme afin de maintenir un environnement s\u00e9curis\u00e9. Vos pratiques de gestion des cartes et votre environnement de traitement d\u00e9terminent quelles exigences de la PCI SSC s\u2019appliquent \u00e0 votre entreprise.<\/p><h2>Qu\u2019est-ce que la validation PCI ?<\/h2><p>Le <a href=\"https:\/\/www.pcisecuritystandards.org\/lang\/fr-fr\/\" target=\"_blank\" rel=\"noopener\">Conseil des normes de s\u00e9curit\u00e9 de l\u2019industrie des cartes de paiement<\/a> (PCI SSC) exige que tous les marchands se conforment \u00e0 la norme PCI. Une validation annuelle (ou preuve) est exig\u00e9e par les grandes marques de cartes et sert \u00e0 documenter votre conformit\u00e9. Les exigences de validation varient selon le nombre annuel de transactions par carte et peuvent n\u00e9cessiter une auto\u2011\u00e9valuation ou un audit ind\u00e9pendant sur place.<\/p><h2>Qui doit devenir conforme \u00e0 la PCI ?<\/h2><p>Toute organisation qui accepte, traite, stocke ou transmet des informations de paiement par carte doit se conformer \u00e0 la PCI SSC.<\/p><h2>La conformit\u00e9 PCI est\u2011elle exig\u00e9e par la loi ?<\/h2><p>Le gouvernement ne r\u00e9glemente pas la PCI; toutefois, lorsque vous avez sign\u00e9 votre contrat d\u2019acceptation des cartes \u2014 confirmant votre intention d\u2019accepter les cartes de cr\u00e9dit et de d\u00e9bit dans votre entreprise \u2014 vous avez accept\u00e9 de respecter les r\u00e8gles des marques de cartes. Si vous choisissez d\u2019accepter Visa, Mastercard, JCB, American Express ou Discover, vous devez respecter la PCI SSC.<\/p><h2>Que se passe\u2011t\u2011il si je ne deviens pas conforme \u00e0 la PCI?<\/h2><p>Si vous n\u2019\u00eates pas conforme \u00e0 la PCI, vous \u00eates plus vuln\u00e9rable aux incidents de compromission de donn\u00e9es et vous pourriez aussi \u00eatre sanctionn\u00e9 par les fournisseurs de services aux marchands et\/ou les ISO (organisations de vente ind\u00e9pendantes) ainsi que par les marques de cartes pour ne pas avoir valid\u00e9 votre conformit\u00e9 PCI.<\/p><h2>Je ne traite que quelques cartes par ann\u00e9e. Dois\u2011je quand m\u00eame \u00eatre conforme \u00e0 la PCI ?<\/h2><p>Oui. M\u00eame si vous ne traitez qu\u2019une seule transaction par ann\u00e9e, vous devez mettre en \u0153uvre la PCI SSC dans votre environnement de traitement.<\/p><h2>Qu\u2019est\u2011ce qui est requis pour devenir conforme \u00e0 la PCI?<\/h2><p>Les \u00e9tapes typiques pour qu\u2019un marchand devienne conforme \u00e0 la PCI SSC comprennent, sans s\u2019y limiter :<\/p><ul><li>D\u00e9terminer votre type de validation PCI SSC (ce qui pr\u00e9cise vos exigences).<\/li><li>Traiter toutes les exigences figurant dans votre questionnaire d\u2019auto\u2011\u00e9valuation (SAQ) (p. ex. analyses de vuln\u00e9rabilit\u00e9s externes, tests d\u2019intrusion, formation des employ\u00e9s).<\/li><li>Attester annuellement de votre conformit\u00e9.<\/li><li>Effectuer et d\u00e9clarer trimestriellement les r\u00e9sultats de toutes les analyses r\u00e9alis\u00e9es par un fournisseur d\u2019analyses approuv\u00e9 (ASV).<\/li><\/ul><h2>Quelle est la version la plus r\u00e9cente de la PCI SSC?<\/h2><p>Le PCI SSC a r\u00e9cemment publi\u00e9 la <a href=\"https:\/\/www.securitymetrics.com\/learn\/pci-dss-version-4-0\" target=\"_blank\" rel=\"noopener\">PCI SSC version 4.0<\/a>. Elle remplace la version 3.2.1 pour apporter des pr\u00e9cisions aux exigences existantes. La version 4.0 prend plein effet \u00e0 compter du 1er avril 2025.<\/p><h2>Qu\u2019est\u2011ce qui est requis pour devenir conforme \u00e0 la PCI ?<\/h2><p>En fin de compte, vous devez <a href=\"https:\/\/www.pcisecuritystandards.org\/lang\/fr-fr\/\" target=\"_blank\" rel=\"noopener\">choisir le SAQ<\/a> adapt\u00e9 \u00e0 votre environnement de traitement, mais de fa\u00e7on g\u00e9n\u00e9rale :<\/p><ul><li><span style=\"text-decoration: underline;\"><strong>SAQ A<\/strong><\/span> : pour les marchands de commerce \u00e9lectronique \/ commande postale-t\u00e9l\u00e9phonique (carte non pr\u00e9sente) qui ont enti\u00e8rement externalis\u00e9 toutes les fonctions li\u00e9es aux donn\u00e9es de titulaires de carte. Aucun stockage, traitement ou transmission \u00e9lectronique de donn\u00e9es de titulaires de carte sur les syst\u00e8mes ou les locaux du marchand.<\/li><li><span style=\"text-decoration: underline;\"><strong>SAQ A\u2011EP<\/strong><\/span> : pour les marchands uniquement en ligne qui utilisent un fournisseur tiers pour g\u00e9rer les informations de carte et dont le site ne traite pas les donn\u00e9es de carte, mais peut influencer la s\u00e9curit\u00e9 de la transaction. Aucun stockage, traitement ou transmission \u00e9lectronique de donn\u00e9es de titulaires de carte sur les syst\u00e8mes ou les locaux du marchand.<\/li><li><span style=\"text-decoration: underline;\"><strong>SAQ B<\/strong><\/span> : pour les marchands qui utilisent des appareils \u00e0 empreinte (\u00ab imprinters \u00bb) et\/ou des terminaux autonomes \u00e0 num\u00e9rotation sortante, sans stockage \u00e9lectronique de donn\u00e9es de titulaires de carte. Non destin\u00e9 au commerce \u00e9lectronique.<\/li><li><span style=\"text-decoration: underline;\"><strong>SAQ B\u2011IP<\/strong><\/span> : pour les marchands qui utilisent uniquement des terminaux de paiement autonomes, homologu\u00e9s PTS, avec une connexion IP au processeur de paiements, et sans stockage \u00e9lectronique de donn\u00e9es de titulaires de carte. Non destin\u00e9 au commerce \u00e9lectronique.<\/li><li><span style=\"text-decoration: underline;\"><strong>SAQ C\u2011VT<\/strong><\/span> : pour les marchands qui utilisent un terminal virtuel sur un seul ordinateur d\u00e9di\u00e9 exclusivement au traitement des cartes. Aucun stockage \u00e9lectronique de donn\u00e9es de titulaires de carte. Non destin\u00e9 au commerce \u00e9lectronique.<\/li><li><span style=\"text-decoration: underline;\"><strong>SAQ C<\/strong><\/span> : pour tout marchand ayant une application de paiement connect\u00e9e \u00e0 Internet, sans stockage \u00e9lectronique de donn\u00e9es de titulaires de carte.<\/li><li><span style=\"text-decoration: underline;\"><strong>SAQ D<\/strong><strong> \u2013 Marchands<\/strong><\/span> : pour les marchands qui stockent des donn\u00e9es de cartes \u00e9lectroniquement.<\/li><\/ul><h2>Qu\u2019est\u2011ce qu\u2019un certificat de conformit\u00e9 PCI ?<\/h2><p>Certains QSA\/ASV d\u00e9livrent des certificats confirmant que l\u2019organisation est conforme \u00e0 la PCI SSC. Un certificat n\u2019est pas obligatoire et vous n\u2019avez pas n\u00e9cessairement besoin d\u2019un certificat pour \u00eatre conforme \u00e0 la PCI.<\/p><h2>Suis\u2011je conforme \u00e0 la PCI si mon site poss\u00e8de un certificat SSL\/TLS ?<\/h2><p>Malheureusement, non. Un certificat SSL\/TLS chiffre uniquement les donn\u00e9es \u00e9chang\u00e9es entre votre site Web et vos clients. SSL\/TLS est important, mais ce n\u2019est qu\u2019une composante de la conformit\u00e9 PCI. La PCI SSC exige de nombreuses autres mesures de s\u00e9curit\u00e9 (p. ex. protection des donn\u00e9es stock\u00e9es, limitation des acc\u00e8s, v\u00e9rifications r\u00e9guli\u00e8res des syst\u00e8mes).<\/p><h2>Qui veille \u00e0 l\u2019application de la conformit\u00e9 PCI ?<\/h2><p>De fa\u00e7on g\u00e9n\u00e9rale, ce sont les banques acqu\u00e9reuses (acqu\u00e9reurs) qui veillent \u00e0 l\u2019application de la conformit\u00e9 \u00e0 la PCI SSC. Le PCI SSC a \u00e9t\u00e9 form\u00e9 en 2006 par les principales marques de cartes (p. ex. Visa, Mastercard, American Express, Discover Financial Services, JCB International) pour r\u00e9glementer, maintenir, faire \u00e9voluer et promouvoir la conformit\u00e9 \u00e0 la PCI SSC.<\/p><h2>Quel est le r\u00f4le de SecurityMetrics dans la conformit\u00e9 PCI ?<\/h2><p>PayFacto s\u2019est associ\u00e9 \u00e0 SecurityMetrics pour aider nos marchands \u00e0 valider leur conformit\u00e9 et simplifier la PCI pour vous. SecurityMetrics est un fournisseur d\u2019analyses approuv\u00e9 (ASV) et est certifi\u00e9 pour effectuer des analyses PCI, des audits PCI sur place, des audits de logiciels d\u2019application de paiement, des audits de s\u00e9curit\u00e9 de terminaux point de vente, des tests d\u2019intrusion et des analyses judiciaires (pour \u00e9valuer les compromissions de donn\u00e9es de carte).<\/p><h2>Les QSA et experts de SecurityMetrics d\u00e9tiennent des certifications telles que :<\/h2><ul><li>CISSP (Certified Information Systems Security Professional)<\/li><li>CISA (Certified Information Systems Auditor)<\/li><li>PFI (PCI Forensic Investigator)<\/li><li>ASV (Approved Scanning Vendor)<\/li><li>QSA (Qualified Security Assessor)<\/li><li>PA\u2011QSA (Payment Application Qualified Security Assessor)<\/li><li>P2PE QSA (Point-to-Point Encryption Qualified Security Assessor)<\/li><li>HCISPP (HealthCare Information Security and Privacy Practitioner)<\/li><\/ul><h2>Que dois\u2011je faire si je pense que mon entreprise a \u00e9t\u00e9 compromise ?<\/h2><p>D\u00e9connectez votre syst\u00e8me d\u2019Internet, appelez SecurityMetrics ou votre fournisseur de services, puis contactez un enqu\u00eateur judiciaire. Les enqu\u00eateurs judiciaires PCI vous aident \u00e0 rep\u00e9rer et corriger les failles de s\u00e9curit\u00e9 dans votre environnement de traitement. Ils vous aident \u00e0 identifier comment et quand les attaquants ont p\u00e9n\u00e9tr\u00e9 vos syst\u00e8mes, \u00e0 d\u00e9terminer si des donn\u00e9es de cartes ont \u00e9t\u00e9 compromises et \u00e0 documenter vos efforts de rem\u00e9diation pour les marques de cartes.<\/p><h2>Comment commencer avec SecurityMetrics ?<\/h2><p>Si vous n\u2019avez pas encore cr\u00e9\u00e9 de compte, <a href=\"https:\/\/www.securitymetrics.com\/portal\/app\/ngsm\/pcidss\/payfacto\" target=\"_blank\" rel=\"noopener\">cr\u00e9ez\u2011en un ici<\/a>, et un expert PCI de SecurityMetrics vous contactera afin de s\u2019assurer que les bonnes normes sont appliqu\u00e9es \u00e0 votre compte. Si vous avez d\u00e9j\u00e0 un compte chez SecurityMetrics, <a href=\"https:\/\/www.securitymetrics.com\/portal\/app\/ngsm\/pcidss\/payfacto\" target=\"_blank\" rel=\"noopener\">ouvrez une session<\/a> dans votre compte et commencez le processus de conformit\u00e9 PCI. D\u00e9marrez en parcourant chaque section du SAQ.<\/p><p><em>Le pr\u00e9sent article est fourni \u00e0 titre informatif seulement et ne constitue pas un avis juridique ni un autre conseil professionnel, ni une opinion de quelque nature que ce soit.<\/em><\/p>\t\t\t\t\t\t\t\t<\/div>\n\t\t\t\t<\/div>\n\t\t\t\t\t<\/div>\n\t\t<\/div>\n\t\t\t\t\t<\/div>\n\t\t<\/section>\n\t\t\t\t<section data-particle_enable=\"false\" data-particle-mobile-disabled=\"false\" class=\"elementor-section elementor-top-section elementor-element elementor-element-383249b elementor-section-boxed elementor-section-height-default elementor-section-height-default\" data-id=\"383249b\" data-element_type=\"section\" data-e-type=\"section\" data-settings=\"{&quot;background_background&quot;:&quot;classic&quot;,&quot;ekit_has_onepagescroll_dot&quot;:&quot;yes&quot;}\">\n\t\t\t\t\t\t<div class=\"elementor-container elementor-column-gap-default\">\n\t\t\t\t\t<div class=\"elementor-column elementor-col-50 elementor-top-column elementor-element elementor-element-9e95f1c\" data-id=\"9e95f1c\" data-element_type=\"column\" data-e-type=\"column\">\n\t\t\t<div class=\"elementor-widget-wrap elementor-element-populated\">\n\t\t\t\t\t\t<div class=\"elementor-element elementor-element-b05a924 elementor-widget elementor-widget-heading\" data-id=\"b05a924\" data-element_type=\"widget\" data-e-type=\"widget\" data-settings=\"{&quot;ekit_we_effect_on&quot;:&quot;none&quot;}\" data-widget_type=\"heading.default\">\n\t\t\t\t\t\t<div class=\"elementor-widget-container\">\n\t\t\t\t\t<h1 class=\"elementor-heading-title elementor-size-default\">Need more help?<\/h1>\t\t\t\t<\/div>\n\t\t\t\t<\/div>\n\t\t\t\t<div class=\"elementor-element elementor-element-c6c451f elementor-widget-divider--view-line elementor-widget elementor-widget-divider\" data-id=\"c6c451f\" data-element_type=\"widget\" data-e-type=\"widget\" data-settings=\"{&quot;ekit_we_effect_on&quot;:&quot;none&quot;}\" data-widget_type=\"divider.default\">\n\t\t\t\t\t\t<div class=\"elementor-widget-container\">\n\t\t\t\t\t\t\t<div class=\"elementor-divider\">\n\t\t\t<span class=\"elementor-divider-separator\">\n\t\t\t\t\t\t<\/span>\n\t\t<\/div>\n\t\t\t\t\t\t<\/div>\n\t\t\t\t<\/div>\n\t\t\t\t<div class=\"elementor-element elementor-element-e95490f elementor-widget elementor-widget-text-editor\" data-id=\"e95490f\" data-element_type=\"widget\" data-e-type=\"widget\" data-settings=\"{&quot;ekit_we_effect_on&quot;:&quot;none&quot;}\" data-widget_type=\"text-editor.default\">\n\t\t\t\t\t\t<div class=\"elementor-widget-container\">\n\t\t\t\t\t\t\t\t\t<p><span style=\"font-weight: 400;\">Contact us! Our dedicated legal team is just a click or call away.<\/span><\/p>\t\t\t\t\t\t\t\t<\/div>\n\t\t\t\t<\/div>\n\t\t\t\t\t<\/div>\n\t\t<\/div>\n\t\t\t\t<div class=\"elementor-column elementor-col-50 elementor-top-column elementor-element elementor-element-414354c\" data-id=\"414354c\" data-element_type=\"column\" data-e-type=\"column\">\n\t\t\t<div class=\"elementor-widget-wrap elementor-element-populated\">\n\t\t\t\t\t\t<div class=\"elementor-element elementor-element-9b02574 ekit-equal-height-enable card-contact-legal elementor-widget elementor-widget-elementskit-icon-box\" data-id=\"9b02574\" data-element_type=\"widget\" data-e-type=\"widget\" data-settings=\"{&quot;ekit_we_effect_on&quot;:&quot;none&quot;}\" data-widget_type=\"elementskit-icon-box.default\">\n\t\t\t\t\t\t<div class=\"elementor-widget-container\">\n\t\t\t\t\t<div class=\"ekit-wid-con\" >        <!-- link opening -->\n                <!-- end link opening -->\n\n        <div class=\"elementskit-infobox text-left text-left icon-lef-right-aligin elementor-animation- media  \">\n                            <div class=\"elementskit-box-header\">\n                <div class=\"elementskit-info-box-icon text-center\">\n                    <img decoding=\"async\" width=\"400\" height=\"400\" data-src=\"https:\/\/payfacto.com\/wp-content\/uploads\/2023\/10\/PAY-ICON_Support-WHITE.png\" class=\"attachment- size- lazyload\" alt=\"\" data-srcset=\"https:\/\/payfacto.com\/wp-content\/uploads\/2023\/10\/PAY-ICON_Support-WHITE.png 400w, https:\/\/payfacto.com\/wp-content\/uploads\/2023\/10\/PAY-ICON_Support-WHITE-300x300.png 300w, https:\/\/payfacto.com\/wp-content\/uploads\/2023\/10\/PAY-ICON_Support-WHITE-150x150.png 150w, https:\/\/payfacto.com\/wp-content\/uploads\/2023\/10\/PAY-ICON_Support-WHITE-350x350.png 350w\" data-sizes=\"auto\" src=\"data:image\/svg+xml;base64,PHN2ZyB3aWR0aD0iMSIgaGVpZ2h0PSIxIiB4bWxucz0iaHR0cDovL3d3dy53My5vcmcvMjAwMC9zdmciPjwvc3ZnPg==\" style=\"--smush-placeholder-width: 400px; --smush-placeholder-aspect-ratio: 400\/400;\" data-original-sizes=\"(max-width: 400px) 100vw, 400px\" \/>                <\/div>\n          <\/div>\n                <div class=\"box-body\">\n                            <h3 class=\"elementskit-info-box-title\">\n                    Legal Inquiry                <\/h3>\n                                                    <div class=\"box-footer disable_hover_button\">\n                    <div class=\"btn-wraper\">\n                                                            <a class=\"elementskit-btn whitespace--normal\" href=\"#\">\n                                                                                Contact legal                                    <\/a>\n                                                        <\/div>\n                <\/div>\n                    <\/div>\n        \n        \n                <\/div>\n        <\/div>\t\t\t\t<\/div>\n\t\t\t\t<\/div>\n\t\t\t\t\t<\/div>\n\t\t<\/div>\n\t\t\t\t\t<\/div>\n\t\t<\/section>\n\t\t\t\t<\/div>\n\t\t","protected":false},"excerpt":{"rendered":"<p>Conformit\u00e9 PCI : Foire aux questions Qu\u2019est-ce que la conformit\u00e9 PCI ? La Norme de s\u00e9curit\u00e9 des donn\u00e9es de l\u2019industrie des cartes de paiement (PCI SSC) a \u00e9t\u00e9 \u00e9tablie en 2006 par les principales marques de cartes (p. ex. Visa, Mastercard, American Express, Discover Financial Services, JCB International). Toutes les entreprises qui acceptent, traitent, stockent ou transmettent des donn\u00e9es de titulaires de carte doivent appliquer cette norme afin de maintenir un environnement s\u00e9curis\u00e9. Vos pratiques de gestion des cartes et votre environnement de traitement d\u00e9terminent quelles exigences de la PCI SSC s\u2019appliquent \u00e0 votre entreprise. Qu\u2019est-ce que la validation PCI<\/p>\n","protected":false},"author":22,"featured_media":0,"parent":0,"menu_order":0,"comment_status":"closed","ping_status":"closed","template":"","meta":{"_acf_changed":false,"footnotes":""},"class_list":["post-43075","page","type-page","status-publish","hentry"],"acf":[],"_links":{"self":[{"href":"https:\/\/payfacto.com\/fr\/wp-json\/wp\/v2\/pages\/43075","targetHints":{"allow":["GET"]}}],"collection":[{"href":"https:\/\/payfacto.com\/fr\/wp-json\/wp\/v2\/pages"}],"about":[{"href":"https:\/\/payfacto.com\/fr\/wp-json\/wp\/v2\/types\/page"}],"author":[{"embeddable":true,"href":"https:\/\/payfacto.com\/fr\/wp-json\/wp\/v2\/users\/22"}],"replies":[{"embeddable":true,"href":"https:\/\/payfacto.com\/fr\/wp-json\/wp\/v2\/comments?post=43075"}],"version-history":[{"count":0,"href":"https:\/\/payfacto.com\/fr\/wp-json\/wp\/v2\/pages\/43075\/revisions"}],"wp:attachment":[{"href":"https:\/\/payfacto.com\/fr\/wp-json\/wp\/v2\/media?parent=43075"}],"curies":[{"name":"wp","href":"https:\/\/api.w.org\/{rel}","templated":true}]}}