{"id":42905,"date":"2025-08-29T10:16:15","date_gmt":"2025-08-29T14:16:15","guid":{"rendered":"https:\/\/payfacto.com\/summary-of-key-elements-of-the-agreement\/"},"modified":"2025-09-04T10:02:19","modified_gmt":"2025-09-04T14:02:19","slug":"encadre-recapitulatif-cnp","status":"publish","type":"page","link":"https:\/\/payfacto.com\/fr\/encadre-recapitulatif-cnp\/","title":{"rendered":"Encadr\u00e9 r\u00e9capitulatif CNP"},"content":{"rendered":"\t\t<div data-elementor-type=\"wp-page\" data-elementor-id=\"42905\" class=\"elementor elementor-42905 elementor-42898\" data-elementor-post-type=\"page\">\n\t\t\t\t\t\t<section data-particle_enable=\"false\" data-particle-mobile-disabled=\"false\" class=\"elementor-section elementor-top-section elementor-element elementor-element-63a56f7 elementor-hidden-tablet elementor-hidden-mobile elementor-section-boxed elementor-section-height-default elementor-section-height-default\" data-id=\"63a56f7\" data-element_type=\"section\" data-e-type=\"section\" data-settings=\"{&quot;background_background&quot;:&quot;classic&quot;,&quot;ekit_has_onepagescroll_dot&quot;:&quot;yes&quot;}\">\n\t\t\t\t\t\t\t<div class=\"elementor-background-overlay\"><\/div>\n\t\t\t\t\t\t\t<div class=\"elementor-container elementor-column-gap-default\">\n\t\t\t\t\t<div class=\"elementor-column elementor-col-100 elementor-top-column elementor-element elementor-element-07a43f9\" data-id=\"07a43f9\" data-element_type=\"column\" data-e-type=\"column\">\n\t\t\t<div class=\"elementor-widget-wrap elementor-element-populated\">\n\t\t\t\t\t\t<div class=\"elementor-element elementor-element-68825a1 elementor-widget elementor-widget-heading\" data-id=\"68825a1\" data-element_type=\"widget\" data-e-type=\"widget\" data-settings=\"{&quot;ekit_we_effect_on&quot;:&quot;none&quot;}\" data-widget_type=\"heading.default\">\n\t\t\t\t\t\t<div class=\"elementor-widget-container\">\n\t\t\t\t\t<h1 class=\"elementor-heading-title elementor-size-default\">R\u00e9sum\u00e9 des principaux \u00e9l\u00e9ments de la Convention (Encadr\u00e9 r\u00e9capitulatif)\n<\/h1>\t\t\t\t<\/div>\n\t\t\t\t<\/div>\n\t\t\t\t<div class=\"elementor-element elementor-element-0e6f52c elementor-widget-divider--view-line elementor-widget elementor-widget-divider\" data-id=\"0e6f52c\" data-element_type=\"widget\" data-e-type=\"widget\" data-settings=\"{&quot;ekit_we_effect_on&quot;:&quot;none&quot;}\" data-widget_type=\"divider.default\">\n\t\t\t\t\t\t<div class=\"elementor-widget-container\">\n\t\t\t\t\t\t\t<div class=\"elementor-divider\">\n\t\t\t<span class=\"elementor-divider-separator\">\n\t\t\t\t\t\t<\/span>\n\t\t<\/div>\n\t\t\t\t\t\t<\/div>\n\t\t\t\t<\/div>\n\t\t\t\t\t<\/div>\n\t\t<\/div>\n\t\t\t\t\t<\/div>\n\t\t<\/section>\n\t\t\t\t<section data-particle_enable=\"false\" data-particle-mobile-disabled=\"false\" class=\"elementor-section elementor-top-section elementor-element elementor-element-a029aeb elementor-section-boxed elementor-section-height-default elementor-section-height-default\" data-id=\"a029aeb\" data-element_type=\"section\" data-e-type=\"section\" data-settings=\"{&quot;ekit_has_onepagescroll_dot&quot;:&quot;yes&quot;}\">\n\t\t\t\t\t\t<div class=\"elementor-container elementor-column-gap-default\">\n\t\t\t\t\t<div class=\"elementor-column elementor-col-100 elementor-top-column elementor-element elementor-element-07853af\" data-id=\"07853af\" data-element_type=\"column\" data-e-type=\"column\">\n\t\t\t<div class=\"elementor-widget-wrap elementor-element-populated\">\n\t\t\t\t\t\t<div class=\"elementor-element elementor-element-8f9ec3a elementor-widget elementor-widget-shortcode\" data-id=\"8f9ec3a\" data-element_type=\"widget\" data-e-type=\"widget\" data-settings=\"{&quot;ekit_we_effect_on&quot;:&quot;none&quot;}\" data-widget_type=\"shortcode.default\">\n\t\t\t\t\t\t<div class=\"elementor-widget-container\">\n\t\t\t\t\t\t\t<div class=\"elementor-shortcode\">\n<table id=\"tablepress-2\" class=\"tablepress tablepress-id-2\">\n<thead>\n<tr class=\"row-1\">\n\t<th colspan=\"2\" class=\"column-1\">R\u00e9sum\u00e9 des principaux \u00e9l\u00e9ments de la Convention (Encadr\u00e9 r\u00e9capitulatif)<\/th>\n<\/tr>\n<\/thead>\n<tbody class=\"row-striping row-hover\">\n<tr class=\"row-2\">\n\t<td class=\"column-1\">Date de l\u2019Accord<\/td><td class=\"column-2\">La pr\u00e9sente Convention entrera en vigueur \u00e0 compter de la \u00ab Date d\u2019entr\u00e9e en vigueur \u00bb, telle que d\u00e9finie dans les <a href=\"https:\/\/payfacto.com\/fr\/convention-marchand\/\" target=\"_blank\">Modalit\u00e9s de services de la Convention de marchand<\/a>, et demeure en vigueur jusqu\u2019\u00e0 sa r\u00e9siliation conform\u00e9ment aux dispositions pr\u00e9vues auxdites Modalit\u00e9s de services.<\/td>\n<\/tr>\n<tr class=\"row-3\">\n\t<td class=\"column-1\">Acqu\u00e9reurs<\/td><td class=\"column-2\"><strong>Services d\u2019acqu\u00e9reur de carte de cr\u00e9dit:\u00a0<\/strong><br \/>\nCompagnie de Fiducie Peoples\u00a0<br \/>\nAdresse : 888, rue Dunsmuir, bureau 1400, Vancouver (Colombie-Britannique) V6C 3K4\u00a0<br \/>\nT\u00e9l\u00e9phone : 604-683-2881\u00a0<br \/>\nSite Web : <a href=\"https:\/\/www.peoplestrust.com\/en\/about-us\/contact\/\" target=\"_blank\" rel=\"nofollow noopener\">https:\/\/www.peoplestrust.com\/en\/about-us\/contact\/\u00a0<\/a><br \/>\n<br \/>\n<strong>Services de d\u00e9bit Interac<\/strong><br \/>\nPaiement PayFacto Inc.<br \/>\nAdresse: 1 Place du Commerce, Suite #402, Verdun, Qu\u00e9bec, H3E 1A2<br \/>\nT\u00e9l\u00e9phone: 877-341-8293<br \/>\nSite web: <a href=\"http:\/\/www.payfacto.com\" target=\"_blank\">www.payfacto.com<\/a><\/td>\n<\/tr>\n<tr class=\"row-4\">\n\t<td class=\"column-1\">Processeur de paiement, facilitateur de paiement et agr\u00e9gateur<\/td><td class=\"column-2\"><strong>Processeur de paiement :<\/strong> Paiements PayFacto Inc., 1 Place du Commerce Suite # 402, Verdun, Qu\u00e9bec, H3E 1A2, <a href=\"http:\/\/www.payfacto.com\" target=\"_blank\">www.payfacto.com<\/a>, 1 844 762-3222, support@payfacto.com;<br \/>\n<br \/>\nPayFacto est une organisation de vente ind\u00e9pendante (ISO) et n'est pas une soci\u00e9t\u00e9 affili\u00e9e, une filiale ou un membre de la Compagnie de Fiducie Peoples. ISO est l'agent du marchand en ce qui concerne les transactions par le biais du traitement de carte applicable.\u00a0\u00a0\u00a0<\/td>\n<\/tr>\n<tr class=\"row-5\">\n\t<td class=\"column-1\">Annulation de l\u2019Accord et p\u00e9nalit\u00e9s applicables<\/td><td class=\"column-2\">Les marchands ont droit \u00e0 une certitude des co\u00fbts dans le cadre de leurs ententes li\u00e9es au traitement des cartes.\u00a0 Les marchands peuvent annuler leurs ententes li\u00e9es aux traitements par carte, sans aucune forme de p\u00e9nalit\u00e9, dans les 70 jours civils suivant la date d'entr\u00e9e en vigueur des \u00e9l\u00e9ments suivants :\u00a0(1) Une augmentation des frais d'acqu\u00e9reur\/processeur existants ou des frais de base de l'association de cartes applicable, transf\u00e9r\u00e9s en partie ou en totalit\u00e9 au marchand, (2) L\u2019introduction d'un nouveau frais d'acqu\u00e9reur\/processeur ou de frais de base applicables transf\u00e9r\u00e9s en partie ou en totalit\u00e9 au marchand; et\/ou\u00a0 (3) Une r\u00e9duction des frais de base nationaux applicables qui ne sont pas enti\u00e8rement transf\u00e9r\u00e9s au marchand.\u00a0<br \/>\n<br \/>\nUne fois qu'un marchand a donn\u00e9 un avis de son intention de se retirer de la Convention, l'acqu\u00e9reur ou PayFacto enverra au marchand tous les documents n\u00e9cessaires pour traiter la r\u00e9siliation dans les cinq (5) jours ouvrables. La r\u00e9siliation prendra effet \u00e0 la date demand\u00e9e par le marchand, pourvu que :\u00a0(1) le marchand ait rempli toutes les obligations de r\u00e9siliation en suspens (p. ex., \u00e9quipement de location retourn\u00e9 et formulaires n\u00e9cessaires sign\u00e9s); et\u00a0(2) la date demand\u00e9e est au moins 30 jours civils apr\u00e8s la date \u00e0 laquelle le marchand soumet les documents requis de r\u00e9siliation, \u00e0 moins qu'une date ant\u00e9rieure ne soit convenue entre PayFacto, l'acqu\u00e9reur et le marchand.\u00a0<br \/>\n\u00a0<br \/>\nLes acqu\u00e9reurs ou les participants, selon le cas, doivent aviser leurs marchands entre 30 et 60 jours civils avant la date d'entr\u00e9e en vigueur de:\u00a0(1)Toute augmentation ou tout nouveau frais d'acqu\u00e9reur\/processeur, transf\u00e9r\u00e9 en partie ou en totalit\u00e9 aux marchands;\u00a0 (2) Toute augmentation ou tout nouveau frais de base nationaux applicables de L\u2019ERCP transf\u00e9r\u00e9s en partie ou en totalit\u00e9 aux marchands; ou\u00a0(3) Toute r\u00e9duction des frais de base nationaux applicables de l\u2019ERCP qui n'est pas enti\u00e8rement transf\u00e9r\u00e9e aux marchands.\u00a0<br \/>\n\u00a0<br \/>\nLa demande de r\u00e9siliation doit \u00eatre soumise par \u00e9crit \u00e0 Paiements PayFacto inc. par courriel ou par la poste.\u00a0<br \/>\n<br \/>\nSi le marchand r\u00e9silie la Convention pour toute autre raison que celles indiqu\u00e9es ci-dessus, \u00e0 moins que PayFacto n\u2019ait viol\u00e9 une disposition importante de la Convention, le marchand devra payer un frais de r\u00e9siliation anticip\u00e9e, calcul\u00e9 comme suit, si le volume mensuel moyen de traitement des cartes du marchand est inf\u00e9rieur ou \u00e9gal \u00e0 15 000 $ au cours des 12 derniers mois (ou depuis le d\u00e9but de la Convention s'il n'est pas en vigueur depuis 12 mois), des frais fixes de 300 $ par succursale seront payables; Si le volume mensuel moyen de traitement des cartes du marchand d\u00e9passe 15 000 $ au cours des 12 derniers mois (ou depuis le d\u00e9but de la Convention s'il n'est pas en vigueur depuis 12 mois), un montant \u00e9gal au : nombre de mois restants dans la dur\u00e9e de la Convention multipli\u00e9 par les frais mensuels moyens de traitement des cartes re\u00e7us par PayFacto, plus les frais et frais juridiques engag\u00e9s dans le cadre de la perception de ces frais de r\u00e9siliation anticip\u00e9e, le cas \u00e9ch\u00e9ant.<br \/>\n\u00a0<br \/>\nRenouvellements de la Convention. La dur\u00e9e du contrat se prolonge automatiquement pour une p\u00e9riode de six mois par prolongation.\u00a0<br \/>\n<br \/>\nAvis de non-renouvellement. Si le marchand ne souhaite pas renouveler le contrat \u00e0 la fin de sa dur\u00e9e ou de toute p\u00e9riode de renouvellement, il doit fournir \u00e0 Paiements PayFacto Inc. un pr\u00e9avis d'au moins 45 jours avant la fin de la dur\u00e9e initiale ou de la p\u00e9riode de renouvellement.\u00a0<\/td>\n<\/tr>\n<tr class=\"row-6\">\n\t<td class=\"column-1\">Proc\u00e9dures de traitement des plaintes<\/td><td class=\"column-2\"><strong>\u00c9crivez \u00e0 Paiements PayFacto inc. :\u00a0<\/strong><br \/>\n1 Place du Commerce Suite # 402, Verdun (Qu\u00e9bec) H3E 1A2\u00a0<br \/>\nSite Web : <a href=\"https:\/\/payfacto.com\/file-a-complaint\/\" target=\"_blank\">https:\/\/payfacto.com\/file-a-complaint\/\u00a0<\/a>\u00a0<br \/>\ncomplaints@payfacto.com<br \/>\nT\u00e9l\u00e9phone : 1-844-762-3222\u00a0<br \/>\n<br \/>\nOu \u00e9crivez \u00e0 la Compagnie de Fiducie Peoples\u00a0\u00a0<br \/>\n888, rue Dunsmuir, bureau 1400, Vancouver (Colombie-Britannique) V6C 3K4\u00a0<br \/>\n<a href=\"https:\/\/www.peoplestrust.com\/en\/about-us\/resolving-your-concerns\/\" target=\"_blank\" rel=\"nofollow noopener\">https:\/\/www.peoplestrust.com\/en\/about-us\/resolving-your-concerns\/<\/a><br \/>\ncomplaints@peoplesgroup.com\u00a0\u00a0<br \/>\nT\u00e9l\u00e9phone : 604-683-2881\u00a0<\/td>\n<\/tr>\n<tr class=\"row-7\">\n\t<td class=\"column-1\">Politique de remboursement des transactions<\/td><td class=\"column-2\">Toutes les transactions rembours\u00e9es sont assujetties \u00e0 des frais par transaction et \u00e0 toutes les \u00e9valuations de marque d'Interchange ou de carte per\u00e7ue.<\/td>\n<\/tr>\n<tr class=\"row-8\">\n\t<td class=\"column-1\">Code de conduite destin\u00e9 \u00e0 l\u2019industrie des cartes de paiement au Canada<\/td><td class=\"column-2\"><em>Le Code de conduite destin\u00e9 \u00e0 l\u2019industrie des cartes de paiement au Canada<\/em> offre aux marchands une transparence accrue des prix, une souplesse et un choix accrus en ce qui concerne l'acceptation des cartes de paiement. Il \u00e9nonce plusieurs droits des marchands \u00e0 l'\u00e9gard de leurs ententes et de leurs relev\u00e9s pour les services de traitement des cartes de paiement. Tous les r\u00e9seaux de cartes de paiement exploit\u00e9s au Canada ont adopt\u00e9 le Code.\u00a0<br \/>\n<br \/>\nPour en savoir plus sur le Code de conduite, cliquez ici : <a href=\"https:\/\/www.canada.ca\/fr\/agence-consommation-matiere-financiere\/services\/industrie\/lois-reglements\/code-industrie-cartes-debit.html\" target=\"_blank\" rel=\"nofollow noopener\">https:\/\/www.canada.ca\/fr\/agence-consommation-matiere-financiere\/services\/industrie\/lois-reglements\/code-industrie-cartes-debit.html\u00a0<\/a><\/td>\n<\/tr>\n<tr class=\"row-9\">\n\t<td class=\"column-1\">Relev\u00e9s<\/td><td class=\"column-2\">Les relev\u00e9s des marchands sont envoy\u00e9s par courriel et sont disponibles sur le portail marchand de PayFacto.<\/td>\n<\/tr>\n<tr class=\"row-10\">\n\t<td class=\"column-1\">Renseignements sur les terminaux de paiement, le cas \u00e9ch\u00e9ant<\/td><td class=\"column-2\">\u200b Non-applicable<\/td>\n<\/tr>\n<\/tbody>\n<\/table>\n<!-- #tablepress-2 from cache --><\/div>\n\t\t\t\t\t\t<\/div>\n\t\t\t\t<\/div>\n\t\t\t\t\t<\/div>\n\t\t<\/div>\n\t\t\t\t\t<\/div>\n\t\t<\/section>\n\t\t\t\t<section data-particle_enable=\"false\" data-particle-mobile-disabled=\"false\" class=\"elementor-section elementor-top-section elementor-element elementor-element-7fe949d elementor-section-boxed elementor-section-height-default elementor-section-height-default\" data-id=\"7fe949d\" data-element_type=\"section\" data-e-type=\"section\" data-settings=\"{&quot;background_background&quot;:&quot;classic&quot;,&quot;ekit_has_onepagescroll_dot&quot;:&quot;yes&quot;}\">\n\t\t\t\t\t\t<div class=\"elementor-container elementor-column-gap-default\">\n\t\t\t\t\t<div class=\"elementor-column elementor-col-50 elementor-top-column elementor-element elementor-element-22f54bd\" data-id=\"22f54bd\" data-element_type=\"column\" data-e-type=\"column\">\n\t\t\t<div class=\"elementor-widget-wrap elementor-element-populated\">\n\t\t\t\t\t\t<div class=\"elementor-element elementor-element-00fa4cb elementor-widget elementor-widget-heading\" data-id=\"00fa4cb\" data-element_type=\"widget\" data-e-type=\"widget\" data-settings=\"{&quot;ekit_we_effect_on&quot;:&quot;none&quot;}\" data-widget_type=\"heading.default\">\n\t\t\t\t\t\t<div class=\"elementor-widget-container\">\n\t\t\t\t\t<h1 class=\"elementor-heading-title elementor-size-default\">Besoin d'aide ?<\/h1>\t\t\t\t<\/div>\n\t\t\t\t<\/div>\n\t\t\t\t<div class=\"elementor-element elementor-element-19db387 elementor-widget-divider--view-line elementor-widget elementor-widget-divider\" data-id=\"19db387\" data-element_type=\"widget\" data-e-type=\"widget\" data-settings=\"{&quot;ekit_we_effect_on&quot;:&quot;none&quot;}\" data-widget_type=\"divider.default\">\n\t\t\t\t\t\t<div class=\"elementor-widget-container\">\n\t\t\t\t\t\t\t<div class=\"elementor-divider\">\n\t\t\t<span class=\"elementor-divider-separator\">\n\t\t\t\t\t\t<\/span>\n\t\t<\/div>\n\t\t\t\t\t\t<\/div>\n\t\t\t\t<\/div>\n\t\t\t\t<div class=\"elementor-element elementor-element-f16807d elementor-widget elementor-widget-text-editor\" data-id=\"f16807d\" data-element_type=\"widget\" data-e-type=\"widget\" data-settings=\"{&quot;ekit_we_effect_on&quot;:&quot;none&quot;}\" data-widget_type=\"text-editor.default\">\n\t\t\t\t\t\t<div class=\"elementor-widget-container\">\n\t\t\t\t\t\t\t\t\t<p>Contactez-nous ! Notre \u00e9quipe d\u2019assistance est \u00e0 port\u00e9e de main.<\/p>\t\t\t\t\t\t\t\t<\/div>\n\t\t\t\t<\/div>\n\t\t\t\t\t<\/div>\n\t\t<\/div>\n\t\t\t\t<div class=\"elementor-column elementor-col-50 elementor-top-column elementor-element elementor-element-e773aa1\" data-id=\"e773aa1\" data-element_type=\"column\" data-e-type=\"column\">\n\t\t\t<div class=\"elementor-widget-wrap elementor-element-populated\">\n\t\t\t\t\t\t<div class=\"elementor-element elementor-element-8244b32 ekit-equal-height-enable card-contact-legal elementor-widget elementor-widget-elementskit-icon-box\" data-id=\"8244b32\" data-element_type=\"widget\" data-e-type=\"widget\" data-settings=\"{&quot;ekit_we_effect_on&quot;:&quot;none&quot;}\" data-widget_type=\"elementskit-icon-box.default\">\n\t\t\t\t\t\t<div class=\"elementor-widget-container\">\n\t\t\t\t\t<div class=\"ekit-wid-con\" >        <!-- link opening -->\n                <!-- end link opening -->\n\n        <div class=\"elementskit-infobox text-left text-left icon-lef-right-aligin elementor-animation- media  \">\n                            <div class=\"elementskit-box-header\">\n                <div class=\"elementskit-info-box-icon text-center\">\n                    <img fetchpriority=\"high\" decoding=\"async\" width=\"400\" height=\"400\" src=\"https:\/\/payfacto.com\/wp-content\/uploads\/2023\/10\/PAY-ICON_Support-WHITE.png\" class=\"attachment- size-\" alt=\"\" srcset=\"https:\/\/payfacto.com\/wp-content\/uploads\/2023\/10\/PAY-ICON_Support-WHITE.png 400w, https:\/\/payfacto.com\/wp-content\/uploads\/2023\/10\/PAY-ICON_Support-WHITE-300x300.png 300w, https:\/\/payfacto.com\/wp-content\/uploads\/2023\/10\/PAY-ICON_Support-WHITE-150x150.png 150w, https:\/\/payfacto.com\/wp-content\/uploads\/2023\/10\/PAY-ICON_Support-WHITE-350x350.png 350w\" sizes=\"(max-width: 400px) 100vw, 400px\" \/>                <\/div>\n          <\/div>\n                <div class=\"box-body\">\n                            <h3 class=\"elementskit-info-box-title\">\n                    Demande d&#039;information l\u00e9gale                <\/h3>\n                                                    <div class=\"box-footer disable_hover_button\">\n                    <div class=\"btn-wraper\">\n                                                            <a class=\"elementskit-btn whitespace--normal\" href=\"#\">\n                                                                                Contact l\u00e9gal                                    <\/a>\n                                                        <\/div>\n                <\/div>\n                    <\/div>\n        \n        \n                <\/div>\n        <\/div>\t\t\t\t<\/div>\n\t\t\t\t<\/div>\n\t\t\t\t\t<\/div>\n\t\t<\/div>\n\t\t\t\t\t<\/div>\n\t\t<\/section>\n\t\t\t\t<\/div>\n\t\t","protected":false},"excerpt":{"rendered":"<p>R\u00e9sum\u00e9 des principaux \u00e9l\u00e9ments de la Convention (Encadr\u00e9 r\u00e9capitulatif) Besoin d&rsquo;aide ? Contactez-nous ! Notre \u00e9quipe d\u2019assistance est \u00e0 port\u00e9e de main. Demande d&rsquo;information l\u00e9gale Contact l\u00e9gal<\/p>\n","protected":false},"author":1,"featured_media":0,"parent":0,"menu_order":0,"comment_status":"closed","ping_status":"closed","template":"","meta":{"_acf_changed":false,"footnotes":""},"class_list":["post-42905","page","type-page","status-publish","hentry"],"acf":[],"_links":{"self":[{"href":"https:\/\/payfacto.com\/fr\/wp-json\/wp\/v2\/pages\/42905","targetHints":{"allow":["GET"]}}],"collection":[{"href":"https:\/\/payfacto.com\/fr\/wp-json\/wp\/v2\/pages"}],"about":[{"href":"https:\/\/payfacto.com\/fr\/wp-json\/wp\/v2\/types\/page"}],"author":[{"embeddable":true,"href":"https:\/\/payfacto.com\/fr\/wp-json\/wp\/v2\/users\/1"}],"replies":[{"embeddable":true,"href":"https:\/\/payfacto.com\/fr\/wp-json\/wp\/v2\/comments?post=42905"}],"version-history":[{"count":0,"href":"https:\/\/payfacto.com\/fr\/wp-json\/wp\/v2\/pages\/42905\/revisions"}],"wp:attachment":[{"href":"https:\/\/payfacto.com\/fr\/wp-json\/wp\/v2\/media?parent=42905"}],"curies":[{"name":"wp","href":"https:\/\/api.w.org\/{rel}","templated":true}]}}