{"id":35625,"date":"2024-04-03T16:56:12","date_gmt":"2024-04-03T16:56:12","guid":{"rendered":"https:\/\/payfacto.com\/terms_and_conditions\/"},"modified":"2026-03-06T13:02:35","modified_gmt":"2026-03-06T17:02:35","slug":"termes_et_conditions","status":"publish","type":"page","link":"https:\/\/payfacto.com\/fr\/termes_et_conditions\/","title":{"rendered":"Modalit\u00e9s et Conditions &#8211; Abonnement Licences"},"content":{"rendered":"\t\t<div data-elementor-type=\"wp-page\" data-elementor-id=\"35625\" class=\"elementor elementor-35625 elementor-26948\" data-elementor-post-type=\"page\">\n\t\t\t\t\t\t<section data-particle_enable=\"false\" data-particle-mobile-disabled=\"false\" class=\"elementor-section elementor-top-section elementor-element elementor-element-695d71a7 elementor-hidden-tablet elementor-hidden-mobile elementor-section-boxed elementor-section-height-default elementor-section-height-default\" data-id=\"695d71a7\" data-element_type=\"section\" data-e-type=\"section\" data-settings=\"{&quot;background_background&quot;:&quot;slideshow&quot;,&quot;background_slideshow_gallery&quot;:[{&quot;id&quot;:26934,&quot;url&quot;:&quot;https:\\\/\\\/payfacto.com\\\/wp-content\\\/uploads\\\/2024\\\/04\\\/Background-header.png&quot;}],&quot;background_slideshow_slide_duration&quot;:0,&quot;background_slideshow_transition_duration&quot;:0,&quot;background_slideshow_loop&quot;:&quot;yes&quot;,&quot;background_slideshow_slide_transition&quot;:&quot;fade&quot;,&quot;ekit_has_onepagescroll_dot&quot;:&quot;yes&quot;}\">\n\t\t\t\t\t\t<div class=\"elementor-container elementor-column-gap-default\">\n\t\t\t\t\t<div class=\"elementor-column elementor-col-100 elementor-top-column elementor-element elementor-element-504112c3\" data-id=\"504112c3\" data-element_type=\"column\" data-e-type=\"column\">\n\t\t\t<div class=\"elementor-widget-wrap elementor-element-populated\">\n\t\t\t\t\t\t<div class=\"elementor-element elementor-element-5c794749 elementor-widget elementor-widget-heading\" data-id=\"5c794749\" data-element_type=\"widget\" data-e-type=\"widget\" data-settings=\"{&quot;ekit_we_effect_on&quot;:&quot;none&quot;}\" data-widget_type=\"heading.default\">\n\t\t\t\t\t\t<div class=\"elementor-widget-container\">\n\t\t\t\t\t<h1 class=\"elementor-heading-title elementor-size-default\">PayFacto Abonnement Licences<br>Termes et Conditions<\/h1>\t\t\t\t<\/div>\n\t\t\t\t<\/div>\n\t\t\t\t<div class=\"elementor-element elementor-element-7fe6b2d4 elementor-widget-divider--view-line elementor-widget elementor-widget-divider\" data-id=\"7fe6b2d4\" data-element_type=\"widget\" data-e-type=\"widget\" data-settings=\"{&quot;ekit_we_effect_on&quot;:&quot;none&quot;}\" data-widget_type=\"divider.default\">\n\t\t\t\t\t\t<div class=\"elementor-widget-container\">\n\t\t\t\t\t\t\t<div class=\"elementor-divider\">\n\t\t\t<span class=\"elementor-divider-separator\">\n\t\t\t\t\t\t<\/span>\n\t\t<\/div>\n\t\t\t\t\t\t<\/div>\n\t\t\t\t<\/div>\n\t\t\t\t\t<\/div>\n\t\t<\/div>\n\t\t\t\t\t<\/div>\n\t\t<\/section>\n\t\t\t\t<section data-particle_enable=\"false\" data-particle-mobile-disabled=\"false\" class=\"elementor-section elementor-top-section elementor-element elementor-element-5e8f579 elementor-section-boxed elementor-section-height-default elementor-section-height-default\" data-id=\"5e8f579\" data-element_type=\"section\" data-e-type=\"section\" data-settings=\"{&quot;ekit_has_onepagescroll_dot&quot;:&quot;yes&quot;}\">\n\t\t\t\t\t\t<div class=\"elementor-container elementor-column-gap-default\">\n\t\t\t\t\t<div class=\"elementor-column elementor-col-100 elementor-top-column elementor-element elementor-element-ea150e8\" data-id=\"ea150e8\" data-element_type=\"column\" data-e-type=\"column\">\n\t\t\t<div class=\"elementor-widget-wrap elementor-element-populated\">\n\t\t\t\t\t\t<div class=\"elementor-element elementor-element-f6e32c2 elementor-widget elementor-widget-shortcode\" data-id=\"f6e32c2\" data-element_type=\"widget\" data-e-type=\"widget\" data-settings=\"{&quot;ekit_we_effect_on&quot;:&quot;none&quot;}\" data-widget_type=\"shortcode.default\">\n\t\t\t\t\t\t<div class=\"elementor-widget-container\">\n\t\t\t\t\t\t\t<div class=\"elementor-shortcode\">        <div class=\"embedpress-document-embed ose-document ep-doc-d7fcf3f3b136871a304a78937b86779c\" style=\"width: 1250px; height: 1000px;; max-width:100%; display: block\">\n                                    <iframe title=\"FR_PF_Abonnement_de_la_licence_termes_et_conditions V12022026\" allowfullscreen=\"true\" mozallowfullscreen=\"true\" webkitallowfullscreen=\"true\" style=\"width: 1250px; height: 1000px;; max-width:100%; display: inline-block\" data-emsrc=\"https:\/\/payfacto.com\/wp-content\/uploads\/2026\/03\/FR_PF_Abonnement_de_la_licence_termes_et_conditions-V12022026.pdf\" data-emid=\"embedpress-pdf-shortcode\" class=\"embedpress-embed-document-pdf embedpress-pdf-shortcode lazyload\" data-src=\"https:\/\/payfacto.com\/wp-admin\/admin-ajax.php?action=get_viewer&#038;file=https%3A%2F%2Fpayfacto.com%2Fwp-content%2Fuploads%2F2026%2F03%2FFR_PF_Abonnement_de_la_licence_termes_et_conditions-V12022026.pdf#key=dGhlbWVNb2RlPWN1c3RvbSZ0b29sYmFyPXRydWUmbGF6eUxvYWQ9ZmFsc2UmcG9zaXRpb249dG9wJnByZXNlbnRhdGlvbj10cnVlJmRvd25sb2FkPXRydWUmY29weV90ZXh0PXRydWUmYWRkX3RleHQ9dHJ1ZSZkcmF3PXRydWUmZG9jX3JvdGF0aW9uPXRydWUmYWRkX2ltYWdlPXRydWUmZG9jX2RldGFpbHM9dHJ1ZSZzZWxlY3Rpb25fdG9vbD0wJnNjcm9sbGluZz0tMSZzcHJlYWRzPS0xJnpvb21faW49dHJ1ZSZ6b29tX291dD10cnVlJmZpdF92aWV3PXRydWUmYm9va21hcms9dHJ1ZSZzb3VuZD10cnVlJmZsaXBib29rX3Rvb2xiYXJfcG9zaXRpb249Ym90dG9tJnBhZ2VOdW1iZXI9MSZ3YXRlcm1hcmtfdGV4dD0md2F0ZXJtYXJrX2ZvbnRfc2l6ZT00OCZ3YXRlcm1hcmtfY29sb3I9JTIzMDAwMDAwJndhdGVybWFya19vcGFjaXR5PTE1JndhdGVybWFya19zdHlsZT1jZW50ZXImY3VzdG9tQ29sb3I9JTIzMzMzMzMz\" frameborder=\"0\" src=\"data:image\/svg+xml;base64,PHN2ZyB3aWR0aD0iMSIgaGVpZ2h0PSIxIiB4bWxucz0iaHR0cDovL3d3dy53My5vcmcvMjAwMC9zdmciPjwvc3ZnPg==\" data-load-mode=\"1\">\n                        <\/iframe>\n                            <\/div>\n\n<\/div>\n\t\t\t\t\t\t<\/div>\n\t\t\t\t<\/div>\n\t\t\t\t\t<\/div>\n\t\t<\/div>\n\t\t\t\t\t<\/div>\n\t\t<\/section>\n\t\t\t\t<section data-particle_enable=\"false\" data-particle-mobile-disabled=\"false\" class=\"elementor-section elementor-top-section elementor-element elementor-element-1730aaba elementor-section-boxed elementor-section-height-default elementor-section-height-default\" data-id=\"1730aaba\" data-element_type=\"section\" data-e-type=\"section\" data-settings=\"{&quot;background_background&quot;:&quot;classic&quot;,&quot;ekit_has_onepagescroll_dot&quot;:&quot;yes&quot;}\">\n\t\t\t\t\t\t<div class=\"elementor-container elementor-column-gap-default\">\n\t\t\t\t\t<div class=\"elementor-column elementor-col-50 elementor-top-column elementor-element elementor-element-6cbfdb01\" data-id=\"6cbfdb01\" data-element_type=\"column\" data-e-type=\"column\">\n\t\t\t<div class=\"elementor-widget-wrap elementor-element-populated\">\n\t\t\t\t\t\t<div class=\"elementor-element elementor-element-13fac3a0 elementor-widget elementor-widget-heading\" data-id=\"13fac3a0\" data-element_type=\"widget\" data-e-type=\"widget\" data-settings=\"{&quot;ekit_we_effect_on&quot;:&quot;none&quot;}\" data-widget_type=\"heading.default\">\n\t\t\t\t\t\t<div class=\"elementor-widget-container\">\n\t\t\t\t\t<h1 class=\"elementor-heading-title elementor-size-default\">Besoin d'aide ?<\/h1>\t\t\t\t<\/div>\n\t\t\t\t<\/div>\n\t\t\t\t<div class=\"elementor-element elementor-element-29349416 elementor-widget-divider--view-line elementor-widget elementor-widget-divider\" data-id=\"29349416\" data-element_type=\"widget\" data-e-type=\"widget\" data-settings=\"{&quot;ekit_we_effect_on&quot;:&quot;none&quot;}\" data-widget_type=\"divider.default\">\n\t\t\t\t\t\t<div class=\"elementor-widget-container\">\n\t\t\t\t\t\t\t<div class=\"elementor-divider\">\n\t\t\t<span class=\"elementor-divider-separator\">\n\t\t\t\t\t\t<\/span>\n\t\t<\/div>\n\t\t\t\t\t\t<\/div>\n\t\t\t\t<\/div>\n\t\t\t\t<div class=\"elementor-element elementor-element-2e3ece6b elementor-widget elementor-widget-text-editor\" data-id=\"2e3ece6b\" data-element_type=\"widget\" data-e-type=\"widget\" data-settings=\"{&quot;ekit_we_effect_on&quot;:&quot;none&quot;}\" data-widget_type=\"text-editor.default\">\n\t\t\t\t\t\t<div class=\"elementor-widget-container\">\n\t\t\t\t\t\t\t\t\t<p><span style=\"font-weight: 400;\">Contactez-nous ! Notre \u00e9quipe d\u2019assistance est \u00e0 port\u00e9e de main.<\/span><\/p>\t\t\t\t\t\t\t\t<\/div>\n\t\t\t\t<\/div>\n\t\t\t\t\t<\/div>\n\t\t<\/div>\n\t\t\t\t<div class=\"elementor-column elementor-col-50 elementor-top-column elementor-element elementor-element-35e45424\" data-id=\"35e45424\" data-element_type=\"column\" data-e-type=\"column\">\n\t\t\t<div class=\"elementor-widget-wrap elementor-element-populated\">\n\t\t\t\t\t\t<div class=\"elementor-element elementor-element-278b82b8 ekit-equal-height-enable card-contact-legal elementor-widget elementor-widget-elementskit-icon-box\" data-id=\"278b82b8\" data-element_type=\"widget\" data-e-type=\"widget\" data-settings=\"{&quot;ekit_we_effect_on&quot;:&quot;none&quot;}\" data-widget_type=\"elementskit-icon-box.default\">\n\t\t\t\t\t\t<div class=\"elementor-widget-container\">\n\t\t\t\t\t<div class=\"ekit-wid-con\" >        <!-- link opening -->\n                <!-- end link opening -->\n\n        <div class=\"elementskit-infobox text-left text-left icon-lef-right-aligin elementor-animation- media  \">\n                            <div class=\"elementskit-box-header\">\n                <div class=\"elementskit-info-box-icon text-center\">\n                    <img decoding=\"async\" width=\"400\" height=\"400\" data-src=\"https:\/\/payfacto.com\/wp-content\/uploads\/2023\/10\/PAY-ICON_Support-WHITE.png\" class=\"attachment- size- lazyload\" alt=\"\" data-srcset=\"https:\/\/payfacto.com\/wp-content\/uploads\/2023\/10\/PAY-ICON_Support-WHITE.png 400w, https:\/\/payfacto.com\/wp-content\/uploads\/2023\/10\/PAY-ICON_Support-WHITE-300x300.png 300w, https:\/\/payfacto.com\/wp-content\/uploads\/2023\/10\/PAY-ICON_Support-WHITE-150x150.png 150w, https:\/\/payfacto.com\/wp-content\/uploads\/2023\/10\/PAY-ICON_Support-WHITE-350x350.png 350w\" data-sizes=\"auto\" src=\"data:image\/svg+xml;base64,PHN2ZyB3aWR0aD0iMSIgaGVpZ2h0PSIxIiB4bWxucz0iaHR0cDovL3d3dy53My5vcmcvMjAwMC9zdmciPjwvc3ZnPg==\" style=\"--smush-placeholder-width: 400px; --smush-placeholder-aspect-ratio: 400\/400;\" data-original-sizes=\"(max-width: 400px) 100vw, 400px\" \/>                <\/div>\n          <\/div>\n                <div class=\"box-body\">\n                            <h3 class=\"elementskit-info-box-title\">\n                     Demande d&#039;information l\u00e9gale                 <\/h3>\n                                                    <div class=\"box-footer disable_hover_button\">\n                    <div class=\"btn-wraper\">\n                                                            <a class=\"elementskit-btn whitespace--normal\" href=\"#\">\n                                                                                Contact l\u00e9gal                                    <\/a>\n                                                        <\/div>\n                <\/div>\n                    <\/div>\n        \n        \n                <\/div>\n        <\/div>\t\t\t\t<\/div>\n\t\t\t\t<\/div>\n\t\t\t\t\t<\/div>\n\t\t<\/div>\n\t\t\t\t\t<\/div>\n\t\t<\/section>\n\t\t\t\t<\/div>\n\t\t","protected":false},"excerpt":{"rendered":"<p>PayFacto Abonnement LicencesTermes et Conditions Besoin d&rsquo;aide ? Contactez-nous ! Notre \u00e9quipe d\u2019assistance est \u00e0 port\u00e9e de main. Demande d&#039;information l\u00e9gale Contact l\u00e9gal<\/p>\n","protected":false},"author":14,"featured_media":0,"parent":0,"menu_order":0,"comment_status":"closed","ping_status":"closed","template":"","meta":{"_acf_changed":false,"footnotes":""},"class_list":["post-35625","page","type-page","status-publish","hentry"],"acf":[],"_links":{"self":[{"href":"https:\/\/payfacto.com\/fr\/wp-json\/wp\/v2\/pages\/35625","targetHints":{"allow":["GET"]}}],"collection":[{"href":"https:\/\/payfacto.com\/fr\/wp-json\/wp\/v2\/pages"}],"about":[{"href":"https:\/\/payfacto.com\/fr\/wp-json\/wp\/v2\/types\/page"}],"author":[{"embeddable":true,"href":"https:\/\/payfacto.com\/fr\/wp-json\/wp\/v2\/users\/14"}],"replies":[{"embeddable":true,"href":"https:\/\/payfacto.com\/fr\/wp-json\/wp\/v2\/comments?post=35625"}],"version-history":[{"count":0,"href":"https:\/\/payfacto.com\/fr\/wp-json\/wp\/v2\/pages\/35625\/revisions"}],"wp:attachment":[{"href":"https:\/\/payfacto.com\/fr\/wp-json\/wp\/v2\/media?parent=35625"}],"curies":[{"name":"wp","href":"https:\/\/api.w.org\/{rel}","templated":true}]}}